{"id":2176,"date":"2019-06-19T14:03:35","date_gmt":"2019-06-19T12:03:35","guid":{"rendered":"https:\/\/akademiamlodychtalentow.edu.pl\/en\/?page_id=2176"},"modified":"2023-09-25T15:02:50","modified_gmt":"2023-09-25T13:02:50","slug":"zlobek","status":"publish","type":"page","link":"https:\/\/akademiamlodychtalentow.edu.pl\/en\/zlobek\/","title":{"rendered":"Nurcery"},"content":{"rendered":"<h2>Welcome to Our Private Nursery!<\/h2>\n<p><img decoding=\"async\" loading=\"lazy\" class=\"wp-image-2254 alignright\" src=\"https:\/\/akademiamlodychtalentow.edu.pl\/en\/wp-content\/uploads\/sites\/2\/2019\/06\/Fotolia_218819466_Subscription_Monthly_XXL-428x285.jpg\" alt=\"Prywatny niepubliczny \u017c\u0142obek mokot\u00f3w - Warszawa\" width=\"473\" height=\"316\" srcset=\"https:\/\/akademiamlodychtalentow.edu.pl\/en\/wp-content\/uploads\/sites\/2\/2019\/06\/Fotolia_218819466_Subscription_Monthly_XXL-428x285.jpg 428w, https:\/\/akademiamlodychtalentow.edu.pl\/en\/wp-content\/uploads\/sites\/2\/2019\/06\/Fotolia_218819466_Subscription_Monthly_XXL-768x512.jpg 768w, https:\/\/akademiamlodychtalentow.edu.pl\/en\/wp-content\/uploads\/sites\/2\/2019\/06\/Fotolia_218819466_Subscription_Monthly_XXL-1024x683.jpg 1024w, https:\/\/akademiamlodychtalentow.edu.pl\/en\/wp-content\/uploads\/sites\/2\/2019\/06\/Fotolia_218819466_Subscription_Monthly_XXL-272x182.jpg 272w\" sizes=\"(max-width: 473px) 100vw, 473px\" \/><\/p>\n<p lang=\"en-GB\"><span style=\"font-family: Trebuchet MS, sans-serif;\"><span style=\"font-size: medium;\">Private non-public nursery in Mokot\u00f3w &#8211; Warsaw. In our preschool, we also have a nursery group for children aged 1 to 2.5 years old.<\/span><\/span><\/p>\n<p lang=\"en-GB\"><span style=\"font-family: Trebuchet MS, sans-serif;\"><span style=\"font-size: medium;\">We blend a calm, homely atmosphere with education and comprehensive development of our charges.<\/span><\/span><\/p>\n<p lang=\"en-GB\"><span style=\"font-family: Trebuchet MS, sans-serif;\"><span style=\"font-size: medium;\">We emphasize learning independence, creativity, and curiosity about the world. We treat the needs and emotions of children with respect and ensure that each little one feels warmth and closeness.<\/span><\/span><\/p>\n<p lang=\"en-GB\"><span style=\"font-family: Trebuchet MS, sans-serif;\"><span style=\"font-size: medium;\">Throughout the day, we seek various creative inspirations and prioritize the joy of our little ones.<\/span><\/span><\/p>\n<p lang=\"en-GB\"><span style=\"font-family: Trebuchet MS, sans-serif;\"><span style=\"font-size: medium;\">Parents can always rely on information and observations regarding the past day and the development and progress of the little ones. The shared vision we impart to the children is also the foundation of our actions.<\/span><\/span><\/p>\n<p lang=\"en-GB\"><span style=\"font-family: Trebuchet MS, sans-serif;\"><span style=\"font-size: medium;\">In our nursery, children discover the world around them and prepare for their preschool adventure.<\/span><\/span><\/p>\n<p lang=\"en-GB\"><span style=\"font-family: Trebuchet MS, sans-serif;\"><span style=\"font-size: medium;\">Enrolments are open! <\/span><\/span><a href=\"https:\/\/akademiamlodychtalentow.edu.pl\/en\/rekrutacja\/\">Nursery enrolment<\/a><\/p>\n","protected":false},"excerpt":{"rendered":"<p>Welcome to Our Private Nursery! Private non-public nursery in Mokot\u00f3w &#8211; Warsaw. In our preschool, we also have [&hellip;]<\/p>\n","protected":false},"author":3,"featured_media":0,"parent":0,"menu_order":0,"comment_status":"closed","ping_status":"closed","template":"page-sidebar.php","meta":{"footnotes":""},"acf":[],"_links":{"self":[{"href":"https:\/\/akademiamlodychtalentow.edu.pl\/en\/wp-json\/wp\/v2\/pages\/2176"}],"collection":[{"href":"https:\/\/akademiamlodychtalentow.edu.pl\/en\/wp-json\/wp\/v2\/pages"}],"about":[{"href":"https:\/\/akademiamlodychtalentow.edu.pl\/en\/wp-json\/wp\/v2\/types\/page"}],"author":[{"embeddable":true,"href":"https:\/\/akademiamlodychtalentow.edu.pl\/en\/wp-json\/wp\/v2\/users\/3"}],"replies":[{"embeddable":true,"href":"https:\/\/akademiamlodychtalentow.edu.pl\/en\/wp-json\/wp\/v2\/comments?post=2176"}],"version-history":[{"count":31,"href":"https:\/\/akademiamlodychtalentow.edu.pl\/en\/wp-json\/wp\/v2\/pages\/2176\/revisions"}],"predecessor-version":[{"id":3358,"href":"https:\/\/akademiamlodychtalentow.edu.pl\/en\/wp-json\/wp\/v2\/pages\/2176\/revisions\/3358"}],"wp:attachment":[{"href":"https:\/\/akademiamlodychtalentow.edu.pl\/en\/wp-json\/wp\/v2\/media?parent=2176"}],"curies":[{"name":"wp","href":"https:\/\/api.w.org\/{rel}","templated":true}]}}