{"id":2016,"date":"2019-03-12T09:41:36","date_gmt":"2019-03-12T08:41:36","guid":{"rendered":"http:\/\/akademiamlodychtalentow.edu.pl\/en\/?page_id=2016"},"modified":"2019-07-17T12:24:25","modified_gmt":"2019-07-17T10:24:25","slug":"rekrutacja-2","status":"publish","type":"page","link":"https:\/\/akademiamlodychtalentow.edu.pl\/en\/rekrutacja-2\/","title":{"rendered":"Rekrutacja"},"content":{"rendered":"<div id=\"pl-2016\"  class=\"panel-layout\" ><div id=\"pg-2016-0\"  class=\"panel-grid panel-no-style\" ><div id=\"pgc-2016-0-0\"  class=\"panel-grid-cell\" ><div id=\"panel-2016-0-0-0\" class=\"so-panel widget widget_sow-editor panel-first-child panel-last-child\" data-index=\"0\" ><div class=\"panel-widget-style panel-widget-style-for-2016-0-0-0\" ><div\n\t\t\t\n\t\t\tclass=\"so-widget-sow-editor so-widget-sow-editor-base\"\n\t\t\t\n\t\t>\n<div class=\"siteorigin-widget-tinymce textwidget\">\n\t<h2>Zapraszamy do sk\u0142adania zg\u0142osze\u0144 do naszego przedszkola dzieci w wieku od 2,5 do 6 lat.<br \/>\nPrzyjmujemy r\u00f3wnie\u017c zapisy do grupy \u017c\u0142obkowej dzieci od 1 do 2,5 roku \u017cycia.<\/h2>\n<h2><\/h2>\n<h2>Adaptacja<\/h2>\n<p>Dbamy o to, aby proces adaptacji dziecka by\u0142 dopasowany do jego potrzeb i umo\u017cliwia\u0142 spokojne zapoznanie si\u0119 z rytmem \u017cycia zar\u00f3wno przedszkola jak i \u017c\u0142obka.<\/p>\n<p>Aby zapewni\u0107 dziecku wsparcie w tym okresie i ustali\u0107 najw\u0142a\u015bciwszy schemat dzia\u0142ania zapraszamy rodzic\u00f3w na rozmow\u0119.<\/p>\n<p>Dok\u0142adamy wszelkich stara\u0144, aby dziecko mog\u0142o poczu\u0107 si\u0119 komfortowo w nowym miejscu i zapozna\u0107 z nauczycielami.<\/p>\n<p>Standardowo okre\u015blamy 3 dni adaptacji, ale w zale\u017cno\u015bci od sytuacji proponujemy indywidualne rozwi\u0105zania.<\/p>\n<p><strong>DZIE\u0143 1<\/strong>: Dziecko przychodzi na zaj\u0119cia w towarzystwie rodzica na ustalon\u0105 liczb\u0119 godzin.<\/p>\n<p><strong>DZIE\u0143 2:<\/strong> Powtarzamy schemat pierwszego dnia bez udzia\u0142u rodzica.<\/p>\n<p><strong>DZIE\u0143 3:<\/strong> Powtarzamy schemat drugiego dnia wyd\u0142u\u017caj\u0105c pobyt dziecka o okre\u015blon\u0105 liczb\u0119 godzin.<\/p>\n<\/div>\n<\/div><\/div><\/div><\/div><div id=\"pgc-2016-0-1\"  class=\"panel-grid-cell\" ><div id=\"panel-2016-0-1-0\" class=\"so-panel widget widget_sow-editor panel-first-child panel-last-child\" data-index=\"1\" ><div class=\"panel-widget-style panel-widget-style-for-2016-0-1-0\" ><div\n\t\t\t\n\t\t\tclass=\"so-widget-sow-editor so-widget-sow-editor-base\"\n\t\t\t\n\t\t>\n<div class=\"siteorigin-widget-tinymce textwidget\">\n\t<h3><strong>Zapisy:<\/strong><\/h3>\n\n<div class=\"wpcf7 no-js\" id=\"wpcf7-f1798-o1\" lang=\"pl-PL\" dir=\"ltr\">\n<div class=\"screen-reader-response\"><p role=\"status\" aria-live=\"polite\" aria-atomic=\"true\"><\/p> <ul><\/ul><\/div>\n<form action=\"\/en\/wp-json\/wp\/v2\/pages\/2016#wpcf7-f1798-o1\" method=\"post\" class=\"wpcf7-form init wpcf7-acceptance-as-validation\" aria-label=\"Formularz kontaktowy\" novalidate=\"novalidate\" data-status=\"init\">\n<div style=\"display: none;\">\n<input type=\"hidden\" name=\"_wpcf7\" value=\"1798\" \/>\n<input type=\"hidden\" name=\"_wpcf7_version\" value=\"5.9.8\" \/>\n<input type=\"hidden\" name=\"_wpcf7_locale\" value=\"pl_PL\" \/>\n<input type=\"hidden\" name=\"_wpcf7_unit_tag\" value=\"wpcf7-f1798-o1\" \/>\n<input type=\"hidden\" name=\"_wpcf7_container_post\" value=\"0\" \/>\n<input type=\"hidden\" name=\"_wpcf7_posted_data_hash\" value=\"\" \/>\n<\/div>\n<div id=\"nabor-form\">\n\t<h3>Register your child!\n\t<\/h3>\n\t<p><label> Parent's name and surname*<br \/>\n<span class=\"wpcf7-form-control-wrap\" data-name=\"your-name\"><input size=\"40\" maxlength=\"400\" class=\"wpcf7-form-control wpcf7-text wpcf7-validates-as-required\" aria-required=\"true\" aria-invalid=\"false\" value=\"\" type=\"text\" name=\"your-name\" \/><\/span> <\/label>\n\t<\/p>\n\t<p><label> Child's name*<br \/>\n<span class=\"wpcf7-form-control-wrap\" data-name=\"dziecko-name\"><input size=\"40\" maxlength=\"400\" class=\"wpcf7-form-control wpcf7-text wpcf7-validates-as-required\" aria-required=\"true\" aria-invalid=\"false\" value=\"\" type=\"text\" name=\"dziecko-name\" \/><\/span> <\/label>\n\t<\/p>\n\t<p><label> Child's age*<br \/>\n<span class=\"wpcf7-form-control-wrap\" data-name=\"dziecko-wiek\"><input size=\"40\" maxlength=\"400\" class=\"wpcf7-form-control wpcf7-text wpcf7-validates-as-required\" aria-required=\"true\" aria-invalid=\"false\" value=\"\" type=\"text\" name=\"dziecko-wiek\" \/><\/span> <\/label>\n\t<\/p>\n\t<p><label> Phone number<br \/>\n<span class=\"wpcf7-form-control-wrap\" data-name=\"tel-127\"><input size=\"40\" maxlength=\"400\" class=\"wpcf7-form-control wpcf7-tel wpcf7-text wpcf7-validates-as-tel\" aria-invalid=\"false\" value=\"\" type=\"tel\" name=\"tel-127\" \/><\/span> <\/label>\n\t<\/p>\n\t<p><label> Email address*<br \/>\n<span class=\"wpcf7-form-control-wrap\" data-name=\"your-email\"><input size=\"40\" maxlength=\"400\" class=\"wpcf7-form-control wpcf7-email wpcf7-validates-as-required wpcf7-text wpcf7-validates-as-email\" aria-required=\"true\" aria-invalid=\"false\" value=\"\" type=\"email\" name=\"your-email\" \/><\/span> <\/label>\n\t<\/p>\n\t<p><span class=\"wpcf7-form-control-wrap\" data-name=\"zgoda-rodo\"><span class=\"wpcf7-form-control wpcf7-acceptance\"><span class=\"wpcf7-list-item\"><label><input type=\"checkbox\" name=\"zgoda-rodo\" value=\"1\" aria-invalid=\"false\" \/><span class=\"wpcf7-list-item-label\">:By sending the form, you agree to the processing of your personal data byAMT Kamil \u015aliwowski, with its registered office at Cybernetyki 21, 02-677 Warszawa, as well as by entities cooperating with AMT Kamil \u015aliwowski, to the extent necessary for the fulfillment of this inquiry. You also give your consent to receive information constituting a response to this inquiry through electronic communication methods \u2013 more details in the privacy policy.*<\/span><\/label><\/span><\/span><\/span>\n\t<\/p>\n\t<div id=\"kontakt-form-submit\">\n\t\t<p><input class=\"wpcf7-form-control wpcf7-submit has-spinner\" type=\"submit\" value=\"Send\" \/>\n\t\t<\/p>\n\t<\/div>\n<\/div><div class=\"wpcf7-response-output\" aria-hidden=\"true\"><\/div>\n<\/form>\n<\/div>\n\n<\/div>\n<\/div><\/div><\/div><\/div><\/div><\/div>","protected":false},"excerpt":{"rendered":"<p>Zapraszamy do sk\u0142adania zg\u0142osze\u0144 do naszego przedszkola dzieci w wieku od 2,5 do 6 lat. Przyjmujemy r\u00f3wnie\u017c zapisy [&hellip;]<\/p>\n","protected":false},"author":3,"featured_media":0,"parent":0,"menu_order":0,"comment_status":"closed","ping_status":"closed","template":"","meta":{"footnotes":""},"acf":[],"_links":{"self":[{"href":"https:\/\/akademiamlodychtalentow.edu.pl\/en\/wp-json\/wp\/v2\/pages\/2016"}],"collection":[{"href":"https:\/\/akademiamlodychtalentow.edu.pl\/en\/wp-json\/wp\/v2\/pages"}],"about":[{"href":"https:\/\/akademiamlodychtalentow.edu.pl\/en\/wp-json\/wp\/v2\/types\/page"}],"author":[{"embeddable":true,"href":"https:\/\/akademiamlodychtalentow.edu.pl\/en\/wp-json\/wp\/v2\/users\/3"}],"replies":[{"embeddable":true,"href":"https:\/\/akademiamlodychtalentow.edu.pl\/en\/wp-json\/wp\/v2\/comments?post=2016"}],"version-history":[{"count":15,"href":"https:\/\/akademiamlodychtalentow.edu.pl\/en\/wp-json\/wp\/v2\/pages\/2016\/revisions"}],"predecessor-version":[{"id":2302,"href":"https:\/\/akademiamlodychtalentow.edu.pl\/en\/wp-json\/wp\/v2\/pages\/2016\/revisions\/2302"}],"wp:attachment":[{"href":"https:\/\/akademiamlodychtalentow.edu.pl\/en\/wp-json\/wp\/v2\/media?parent=2016"}],"curies":[{"name":"wp","href":"https:\/\/api.w.org\/{rel}","templated":true}]}}